{"id":572,"date":"2026-04-04T17:58:38","date_gmt":"2026-04-04T15:58:38","guid":{"rendered":"https:\/\/toastmasters-de-munich.de\/?page_id=572"},"modified":"2026-04-04T18:52:27","modified_gmt":"2026-04-04T16:52:27","slug":"le-programme-pathways","status":"publish","type":"page","link":"https:\/\/toastmasters-de-munich.de\/index.php\/le-programme-pathways\/","title":{"rendered":"Le Programme Pathways"},"content":{"rendered":"\t\t<div data-elementor-type=\"wp-page\" data-elementor-id=\"572\" class=\"elementor elementor-572\">\n\t\t\t\t<div class=\"elementor-element elementor-element-3f44f54 e-flex e-con-boxed e-con e-parent\" data-id=\"3f44f54\" data-element_type=\"container\" data-e-type=\"container\">\n\t\t\t\t\t<div class=\"e-con-inner\">\n\t\t<div class=\"elementor-element elementor-element-752e5f7 e-con-full e-flex e-con e-child\" data-id=\"752e5f7\" data-element_type=\"container\" data-e-type=\"container\">\n\t\t\t\t<div class=\"elementor-element elementor-element-0e251e8 elementor-widget elementor-widget-text-editor\" data-id=\"0e251e8\" data-element_type=\"widget\" data-e-type=\"widget\" data-widget_type=\"text-editor.default\">\n\t\t\t\t\t\t\t\t\t<h1 data-path-to-node=\"2\">Bienvenue sur Pathways<\/h1><p data-path-to-node=\"3\">L&#8217;exp\u00e9rience d&#8217;apprentissage Pathways est un programme \u00e9ducatif interactif et flexible unique en son genre. Il a \u00e9t\u00e9 con\u00e7u pour vous aider \u00e0 renforcer vos comp\u00e9tences en communication et en leadership afin de favoriser votre r\u00e9ussite personnelle et professionnelle, tout en progressant dans une ambiance conviviale avec les autres membres !<\/p><h3 data-path-to-node=\"4\">En entreprenant ce parcours, vous b\u00e9n\u00e9ficierez de :<\/h3><ul data-path-to-node=\"5\"><li><p data-path-to-node=\"5,0,0\">L&#8217;opportunit\u00e9 de d\u00e9velopper plus de <b data-path-to-node=\"5,0,0\" data-index-in-node=\"36\">300 comp\u00e9tences uniques<\/b>.<\/p><\/li><li><p data-path-to-node=\"5,1,0\"><b data-path-to-node=\"5,1,0\" data-index-in-node=\"0\">6 parcours d&#8217;apprentissage sp\u00e9cialis\u00e9s<\/b> (en constante \u00e9volution).<\/p><\/li><li><p data-path-to-node=\"5,2,0\">Un contenu en ligne vous permettant d&#8217;apprendre <b data-path-to-node=\"5,2,0\" data-index-in-node=\"48\">n&#8217;importe quand et n&#8217;importe o\u00f9<\/b>.<\/p><\/li><li><p data-path-to-node=\"5,3,0\">L&#8217;acquisition de comp\u00e9tences concr\u00e8tes et <b data-path-to-node=\"5,3,0\" data-index-in-node=\"42\">transf\u00e9rables<\/b> dans le monde r\u00e9el.<\/p><\/li><\/ul><p data-path-to-node=\"6\"><i data-path-to-node=\"6\" data-index-in-node=\"0\">Le contenu est disponible en arabe, anglais, fran\u00e7ais, allemand, chinois simplifi\u00e9 et espagnol.<\/i><\/p><p data-path-to-node=\"6\"><i data-path-to-node=\"6\" data-index-in-node=\"0\"><a href=\"https:\/\/www.toastmasters.org\/education\/pathways\">https:\/\/www.toastmasters.org\/education\/pathways<\/a><br \/><\/i><\/p><p data-path-to-node=\"6\">\u00a0<\/p>\t\t\t\t\t\t\t\t<\/div>\n\t\t\t\t<\/div>\n\t\t<div class=\"elementor-element elementor-element-638343a e-con-full e-flex e-con e-child\" data-id=\"638343a\" data-element_type=\"container\" data-e-type=\"container\">\n\t\t\t\t<div class=\"elementor-element elementor-element-7741872 elementor-widget__width-initial elementor-widget elementor-widget-text-editor\" data-id=\"7741872\" data-element_type=\"widget\" data-e-type=\"widget\" data-widget_type=\"text-editor.default\">\n\t\t\t\t\t\t\t\t\t<p><img fetchpriority=\"high\" decoding=\"async\" class=\"alignnone  wp-image-575\" src=\"https:\/\/toastmasters-de-munich.de\/wp-content\/uploads\/2026\/04\/0woman-holding-pathways-ribbon-300x170.png\" alt=\"\" width=\"624\" height=\"354\" srcset=\"https:\/\/toastmasters-de-munich.de\/wp-content\/uploads\/2026\/04\/0woman-holding-pathways-ribbon-300x170.png 300w, https:\/\/toastmasters-de-munich.de\/wp-content\/uploads\/2026\/04\/0woman-holding-pathways-ribbon-768x434.png 768w, https:\/\/toastmasters-de-munich.de\/wp-content\/uploads\/2026\/04\/0woman-holding-pathways-ribbon.png 1004w\" sizes=\"(max-width: 624px) 100vw, 624px\" \/><\/p>\t\t\t\t\t\t\t\t<\/div>\n\t\t\t\t<\/div>\n\t\t\t\t\t<\/div>\n\t\t\t\t<\/div>\n\t\t<div class=\"elementor-element elementor-element-d6da7ca e-flex e-con-boxed e-con e-parent\" data-id=\"d6da7ca\" data-element_type=\"container\" data-e-type=\"container\">\n\t\t\t\t\t<div class=\"e-con-inner\">\n\t\t\t\t<div class=\"elementor-element elementor-element-46c03d3 elementor-widget elementor-widget-image\" data-id=\"46c03d3\" data-element_type=\"widget\" data-e-type=\"widget\" data-widget_type=\"image.default\">\n\t\t\t\t\t\t\t\t\t\t\t\t\t\t\t<img decoding=\"async\" width=\"1024\" height=\"569\" src=\"https:\/\/toastmasters-de-munich.de\/wp-content\/uploads\/2026\/04\/Parcours-Pathways-1024x569.png\" class=\"attachment-large size-large wp-image-580\" alt=\"\" srcset=\"https:\/\/toastmasters-de-munich.de\/wp-content\/uploads\/2026\/04\/Parcours-Pathways-1024x569.png 1024w, https:\/\/toastmasters-de-munich.de\/wp-content\/uploads\/2026\/04\/Parcours-Pathways-300x167.png 300w, https:\/\/toastmasters-de-munich.de\/wp-content\/uploads\/2026\/04\/Parcours-Pathways-768x427.png 768w, https:\/\/toastmasters-de-munich.de\/wp-content\/uploads\/2026\/04\/Parcours-Pathways-1536x854.png 1536w, https:\/\/toastmasters-de-munich.de\/wp-content\/uploads\/2026\/04\/Parcours-Pathways-2048x1139.png 2048w, https:\/\/toastmasters-de-munich.de\/wp-content\/uploads\/2026\/04\/Parcours-Pathways-1920x1067.png 1920w\" sizes=\"(max-width: 1024px) 100vw, 1024px\" \/>\t\t\t\t\t\t\t\t\t\t\t\t\t\t\t<\/div>\n\t\t\t\t\t<\/div>\n\t\t\t\t<\/div>\n\t\t<div class=\"elementor-element elementor-element-52afa40 e-flex e-con-boxed e-con e-parent\" data-id=\"52afa40\" data-element_type=\"container\" data-e-type=\"container\">\n\t\t\t\t\t<div class=\"e-con-inner\">\n\t\t\t\t<div class=\"elementor-element elementor-element-54743f8 elementor-widget elementor-widget-text-editor\" data-id=\"54743f8\" data-element_type=\"widget\" data-e-type=\"widget\" data-widget_type=\"text-editor.default\">\n\t\t\t\t\t\t\t\t\t<h3 data-path-to-node=\"11\">Les 5 Niveaux de chaque parcours<\/h3><p data-path-to-node=\"12\">Chaque parcours Pathways est structur\u00e9 en cinq niveaux de complexit\u00e9 croissante :<\/p><ol start=\"1\" data-path-to-node=\"13\"><li><p data-path-to-node=\"13,0,0\"><b data-path-to-node=\"13,0,0\" data-index-in-node=\"0\">Niveau 1 : Ma\u00eetriser les bases<\/b> (Mastering Fundamentals)<\/p><\/li><li><p data-path-to-node=\"13,1,0\"><b data-path-to-node=\"13,1,0\" data-index-in-node=\"0\">Niveau 2 : Apprendre votre style<\/b> (Learning Your Style)<\/p><\/li><li><p data-path-to-node=\"13,2,0\"><b data-path-to-node=\"13,2,0\" data-index-in-node=\"0\">Niveau 3 : Approfondir vos connaissances<\/b> (Increasing Knowledge)<\/p><\/li><li><p data-path-to-node=\"13,3,0\"><b data-path-to-node=\"13,3,0\" data-index-in-node=\"0\">Niveau 4 : D\u00e9velopper vos comp\u00e9tences<\/b> (Building Skills)<\/p><\/li><li><p data-path-to-node=\"13,4,0\"><b data-path-to-node=\"13,4,0\" data-index-in-node=\"0\">Niveau 5 : Faire preuve d&#8217;expertise<\/b> (Demonstrating Expertise)<\/p><\/li><\/ol><hr data-path-to-node=\"14\" \/><p data-path-to-node=\"15\"><i data-path-to-node=\"15\" data-index-in-node=\"0\">Note : Pour acc\u00e9der \u00e0 votre espace de formation personnel, vous devez vous connecter \u00e0 votre compte sur le site officiel et vous rendre dans la section <b data-path-to-node=\"15\" data-index-in-node=\"152\">Base Camp<\/b>.<\/i><\/p>\t\t\t\t\t\t\t\t<\/div>\n\t\t\t\t\t<\/div>\n\t\t\t\t<\/div>\n\t\t<div class=\"elementor-element elementor-element-2e49e96 e-flex e-con-boxed e-con e-parent\" data-id=\"2e49e96\" data-element_type=\"container\" data-e-type=\"container\">\n\t\t\t\t\t<div class=\"e-con-inner\">\n\t\t\t\t<div class=\"elementor-element elementor-element-382102f elementor-widget elementor-widget-text-editor\" data-id=\"382102f\" data-element_type=\"widget\" data-e-type=\"widget\" data-widget_type=\"text-editor.default\">\n\t\t\t\t\t\t\t\t\t<h3>Experience d&#8217;apprentissage Pathways<\/h3>\t\t\t\t\t\t\t\t<\/div>\n\t\t\t\t\t<\/div>\n\t\t\t\t<\/div>\n\t\t<div class=\"elementor-element elementor-element-d7613c5 e-flex e-con-boxed e-con e-parent\" data-id=\"d7613c5\" data-element_type=\"container\" data-e-type=\"container\">\n\t\t\t\t\t<div class=\"e-con-inner\">\n\t\t\t\t<div class=\"elementor-element elementor-element-de28e75 elementor-widget elementor-widget-image\" data-id=\"de28e75\" data-element_type=\"widget\" data-e-type=\"widget\" data-widget_type=\"image.default\">\n\t\t\t\t\t\t\t\t\t\t\t\t\t\t\t<img decoding=\"async\" width=\"1024\" height=\"768\" src=\"https:\/\/toastmasters-de-munich.de\/wp-content\/uploads\/2026\/04\/Pathways-Learning-Experience-1024x768.jpg\" class=\"attachment-large size-large wp-image-581\" alt=\"\" srcset=\"https:\/\/toastmasters-de-munich.de\/wp-content\/uploads\/2026\/04\/Pathways-Learning-Experience-1024x768.jpg 1024w, https:\/\/toastmasters-de-munich.de\/wp-content\/uploads\/2026\/04\/Pathways-Learning-Experience-300x225.jpg 300w, https:\/\/toastmasters-de-munich.de\/wp-content\/uploads\/2026\/04\/Pathways-Learning-Experience-768x576.jpg 768w, https:\/\/toastmasters-de-munich.de\/wp-content\/uploads\/2026\/04\/Pathways-Learning-Experience-1536x1152.jpg 1536w, https:\/\/toastmasters-de-munich.de\/wp-content\/uploads\/2026\/04\/Pathways-Learning-Experience-1440x1080.jpg 1440w, https:\/\/toastmasters-de-munich.de\/wp-content\/uploads\/2026\/04\/Pathways-Learning-Experience.jpg 1600w\" sizes=\"(max-width: 1024px) 100vw, 1024px\" \/>\t\t\t\t\t\t\t\t\t\t\t\t\t\t\t<\/div>\n\t\t\t\t\t<\/div>\n\t\t\t\t<\/div>\n\t\t\t\t<\/div>\n\t\t","protected":false},"excerpt":{"rendered":"<p>Bienvenue sur Pathways L&#8217;exp\u00e9rience d&#8217;apprentissage Pathways est un programme \u00e9ducatif interactif et flexible unique en son genre. Il a \u00e9t\u00e9 con\u00e7u pour vous aider \u00e0 renforcer vos comp\u00e9tences en communication et en leadership afin de favoriser votre r\u00e9ussite personnelle et professionnelle, tout en progressant dans une ambiance conviviale avec les autres membres ! En entreprenant&hellip; <br \/> <a class=\"read-more\" href=\"https:\/\/toastmasters-de-munich.de\/index.php\/le-programme-pathways\/\">Read more<\/a><\/p>\n","protected":false},"author":1,"featured_media":0,"parent":0,"menu_order":0,"comment_status":"closed","ping_status":"closed","template":"","meta":{"om_disable_all_campaigns":false,"_monsterinsights_skip_tracking":false,"_monsterinsights_sitenote_active":false,"_monsterinsights_sitenote_note":"","_monsterinsights_sitenote_category":0,"footnotes":""},"class_list":["post-572","page","type-page","status-publish","hentry"],"aioseo_notices":[],"_links":{"self":[{"href":"https:\/\/toastmasters-de-munich.de\/index.php\/wp-json\/wp\/v2\/pages\/572","targetHints":{"allow":["GET"]}}],"collection":[{"href":"https:\/\/toastmasters-de-munich.de\/index.php\/wp-json\/wp\/v2\/pages"}],"about":[{"href":"https:\/\/toastmasters-de-munich.de\/index.php\/wp-json\/wp\/v2\/types\/page"}],"author":[{"embeddable":true,"href":"https:\/\/toastmasters-de-munich.de\/index.php\/wp-json\/wp\/v2\/users\/1"}],"replies":[{"embeddable":true,"href":"https:\/\/toastmasters-de-munich.de\/index.php\/wp-json\/wp\/v2\/comments?post=572"}],"version-history":[{"count":11,"href":"https:\/\/toastmasters-de-munich.de\/index.php\/wp-json\/wp\/v2\/pages\/572\/revisions"}],"predecessor-version":[{"id":587,"href":"https:\/\/toastmasters-de-munich.de\/index.php\/wp-json\/wp\/v2\/pages\/572\/revisions\/587"}],"wp:attachment":[{"href":"https:\/\/toastmasters-de-munich.de\/index.php\/wp-json\/wp\/v2\/media?parent=572"}],"curies":[{"name":"wp","href":"https:\/\/api.w.org\/{rel}","templated":true}]}}