{"id":140,"date":"2021-08-09T18:48:48","date_gmt":"2021-08-09T16:48:48","guid":{"rendered":"https:\/\/toastmasters-de-munich.de\/?page_id=140"},"modified":"2023-11-25T16:17:29","modified_gmt":"2023-11-25T15:17:29","slug":"le-programme-pathways-de-toastmasters","status":"publish","type":"page","link":"https:\/\/toastmasters-de-munich.de\/index.php\/le-programme-pathways-de-toastmasters\/","title":{"rendered":"Le Programme Pathways"},"content":{"rendered":"\n<p><strong>Le programme de formation Pathways de Toastmasters<\/strong>, de niveau international avec un&nbsp;concept unique, innovateur et personnalis\u00e9,&nbsp;vous donne la chance d\u2019acqu\u00e9rir plus de&nbsp;300 comp\u00e9tences n\u00e9cessaires&nbsp;en communication et leadership.&nbsp;<\/p>\n\n\n\n<p>L\u2019efficacit\u00e9 du programme de formation est bas\u00e9e sur l\u2019apprentissage par l\u2019action et la r\u00e9troaction, dans le plus grand respect des participants.&nbsp;<\/p>\n\n\n\n<p>Pour vous inscrire ou obtenir plus d\u2019informations, vous devez tout simplement&nbsp;<strong>visiter notre club gratuitement et sans obligation de votre part.&nbsp;<\/strong><\/p>\n\n\n\n<p>Pour un aper\u00e7u de tous les parcours disponibles sur Pathways, consultez les informations ci-dessous et sur le site <a href=\"https:\/\/toastmasterscdn.azureedge.net\/medias\/files\/pathways\/8077-pathways-path-and-core-competencies\/fr8077-paths-and-core-competencies_2022.pdf\" target=\"_blank\" rel=\"noreferrer noopener\">Toastmasters<\/a>, ou <strong><a href=\"https:\/\/www.toastmasters.org\/pathways-overview\" target=\"_blank\" rel=\"noreferrer noopener\" title=\"https:\/\/www.toastmasters.org\/pathways-overview\">visitez l&#8217;espace Pathways<\/a><\/strong> (en anglais). <\/p>\n\n\n\n<figure class=\"wp-block-image size-large\"><img fetchpriority=\"high\" decoding=\"async\" width=\"1024\" height=\"790\" src=\"https:\/\/toastmasters-de-munich.de\/wp-content\/uploads\/2021\/08\/Pathways_French_Pic_01-1-1024x790.jpg\" alt=\"\" class=\"wp-image-146\" srcset=\"https:\/\/toastmasters-de-munich.de\/wp-content\/uploads\/2021\/08\/Pathways_French_Pic_01-1-1024x790.jpg 1024w, https:\/\/toastmasters-de-munich.de\/wp-content\/uploads\/2021\/08\/Pathways_French_Pic_01-1-300x231.jpg 300w, https:\/\/toastmasters-de-munich.de\/wp-content\/uploads\/2021\/08\/Pathways_French_Pic_01-1-768x592.jpg 768w, https:\/\/toastmasters-de-munich.de\/wp-content\/uploads\/2021\/08\/Pathways_French_Pic_01-1.jpg 1131w\" sizes=\"(max-width: 1024px) 100vw, 1024px\" \/><\/figure>\n\n\n\n<figure class=\"wp-block-image size-large\"><img decoding=\"async\" width=\"1024\" height=\"565\" src=\"https:\/\/toastmasters-de-munich.de\/wp-content\/uploads\/2021\/08\/Pathways_French_Pic_02-1-1024x565.jpg\" alt=\"\" class=\"wp-image-158\" srcset=\"https:\/\/toastmasters-de-munich.de\/wp-content\/uploads\/2021\/08\/Pathways_French_Pic_02-1-1024x565.jpg 1024w, https:\/\/toastmasters-de-munich.de\/wp-content\/uploads\/2021\/08\/Pathways_French_Pic_02-1-300x166.jpg 300w, https:\/\/toastmasters-de-munich.de\/wp-content\/uploads\/2021\/08\/Pathways_French_Pic_02-1-768x424.jpg 768w, https:\/\/toastmasters-de-munich.de\/wp-content\/uploads\/2021\/08\/Pathways_French_Pic_02-1.jpg 1475w\" sizes=\"(max-width: 1024px) 100vw, 1024px\" \/><\/figure>\n\n\n\n<p><\/p>\n","protected":false},"excerpt":{"rendered":"<p>Le programme de formation Pathways de Toastmasters, de niveau international avec un&nbsp;concept unique, innovateur et personnalis\u00e9,&nbsp;vous donne la chance d\u2019acqu\u00e9rir plus de&nbsp;300 comp\u00e9tences n\u00e9cessaires&nbsp;en communication et leadership.&nbsp; L\u2019efficacit\u00e9 du programme de formation est bas\u00e9e sur l\u2019apprentissage par l\u2019action et la r\u00e9troaction, dans le plus grand respect des participants.&nbsp; Pour vous inscrire ou obtenir plus d\u2019informations,&hellip; <br \/> <a class=\"read-more\" href=\"https:\/\/toastmasters-de-munich.de\/index.php\/le-programme-pathways-de-toastmasters\/\">Read more<\/a><\/p>\n","protected":false},"author":1,"featured_media":0,"parent":0,"menu_order":0,"comment_status":"closed","ping_status":"closed","template":"","meta":{"om_disable_all_campaigns":false,"_monsterinsights_skip_tracking":false,"_monsterinsights_sitenote_active":false,"_monsterinsights_sitenote_note":"","_monsterinsights_sitenote_category":0,"footnotes":""},"class_list":["post-140","page","type-page","status-publish","hentry"],"aioseo_notices":[],"_links":{"self":[{"href":"https:\/\/toastmasters-de-munich.de\/index.php\/wp-json\/wp\/v2\/pages\/140","targetHints":{"allow":["GET"]}}],"collection":[{"href":"https:\/\/toastmasters-de-munich.de\/index.php\/wp-json\/wp\/v2\/pages"}],"about":[{"href":"https:\/\/toastmasters-de-munich.de\/index.php\/wp-json\/wp\/v2\/types\/page"}],"author":[{"embeddable":true,"href":"https:\/\/toastmasters-de-munich.de\/index.php\/wp-json\/wp\/v2\/users\/1"}],"replies":[{"embeddable":true,"href":"https:\/\/toastmasters-de-munich.de\/index.php\/wp-json\/wp\/v2\/comments?post=140"}],"version-history":[{"count":8,"href":"https:\/\/toastmasters-de-munich.de\/index.php\/wp-json\/wp\/v2\/pages\/140\/revisions"}],"predecessor-version":[{"id":326,"href":"https:\/\/toastmasters-de-munich.de\/index.php\/wp-json\/wp\/v2\/pages\/140\/revisions\/326"}],"wp:attachment":[{"href":"https:\/\/toastmasters-de-munich.de\/index.php\/wp-json\/wp\/v2\/media?parent=140"}],"curies":[{"name":"wp","href":"https:\/\/api.w.org\/{rel}","templated":true}]}}